{"id":185,"date":"2014-06-20T14:28:31","date_gmt":"2014-06-20T14:28:31","guid":{"rendered":"http:\/\/wordpress.intranet\/?page_id=185"},"modified":"2014-07-04T13:00:13","modified_gmt":"2014-07-04T13:00:13","slug":"duomo-basilica-santa-maria-assunta","status":"publish","type":"page","link":"https:\/\/www.duomocividale.it\/?page_id=185","title":{"rendered":"Duomo (Basilica) Santa Maria Assunta"},"content":{"rendered":"<p>Il Duomo Sorge di fronte al palazzo del Municipio e s\u2019affaccia su Largo Boiani con un sagrato pi\u00f9 volte ridefinito ma sostanzialmente disegnato all\u2019inizio di questo secolo. La fondazione della basilica precedente \u00e8 anteriore al secolo VIII, quando Callisto fece erigere il Battistero ottagonale: di queste strutture nulla oggi \u00e8 pi\u00f9 visibile.Nel 1186, durante il patriarcato di Pellegrino II, nel complesso basilica-chiesa battesimale vengono eseguiti consistenti lavori di ripristino, a seguito dei danni causati da un incendio; altre opere vengono realizzate tra il 1259 e il 1269; tra il 1294 e il 1299 vengono aperte alcune finestre nell\u2019abside . Il complesso subisce ancora gravi danni in un incendio del 1342 ed un crollo nel 1348, a seguito di un forte terremoto.Parzialmente ricostruito, viene nuovamente ristrutturato e ampliato nel 1427. L\u2019attuale edificio del Duomo \u00e8 frutto di una contaminazione stilistica prodottasi tra la met\u00e0 del Quattrocento e gli inizi del Cinquecento. Dopo gli ampi rimaneggiamenti della fine del XII secolo e del XIV Bartolomeo delle Cisterne ridisegna la nuova chiesa nel 1457, impostando l\u2019attuale struttura a tre navate: pilastri ottagonali dividevano la navata centrale coperta con capriate a vista, delle campate laterali superiormente concluse da volte a crociera. La facciata esterna, in pietra squadrata faccia a vista, \u00e8 orizzontalmente divisa in due settori da un marcato cornicione: la parte inferiore risale ai disegni di Bartolomeo delle Cisterne. All\u2019interno \u00e8 visibile, nella navata destra, l\u2019altare della Madonna progettato da Giorgio Missari e realizzato da Bernardino Maccaruzzi: sulla mensola al di sopra della cripta troviamo il presbiterio sopraelevato; l\u2019altare marmoreo, settecentesco come la scalinata d\u2019accesso, contiene la famosa Pala d\u2019argento di Pellegrino II, uno dei capolavori dell\u2019arte orafa medioevale italiana.\\nNella cappella del Sacramento, alla sinistra del presbiterio, sono visibili tele seicentesche di Palma il Giovane. Nella navata sinistra \u00e8 visibile un crocifisso ligneo databile alla seconda met\u00e0 del XIII secolo.<\/p>\n","protected":false},"excerpt":{"rendered":"<p>Il Duomo Sorge di fronte al palazzo del Municipio e s\u2019affaccia su Largo Boiani con un sagrato pi\u00f9 volte ridefinito ma sostanzialmente disegnato all\u2019inizio di questo secolo. La fondazione della basilica precedente \u00e8 anteriore al secolo VIII, quando Callisto fece erigere il Battistero ottagonale: di queste strutture nulla oggi \u00e8 pi\u00f9 visibile.Nel 1186, durante il [&hellip;]<\/p>\n","protected":false},"author":1,"featured_media":0,"parent":8,"menu_order":0,"comment_status":"closed","ping_status":"closed","template":"","meta":{"footnotes":""},"class_list":["post-185","page","type-page","status-publish","hentry","post"],"_links":{"self":[{"href":"https:\/\/www.duomocividale.it\/index.php?rest_route=\/wp\/v2\/pages\/185","targetHints":{"allow":["GET"]}}],"collection":[{"href":"https:\/\/www.duomocividale.it\/index.php?rest_route=\/wp\/v2\/pages"}],"about":[{"href":"https:\/\/www.duomocividale.it\/index.php?rest_route=\/wp\/v2\/types\/page"}],"author":[{"embeddable":true,"href":"https:\/\/www.duomocividale.it\/index.php?rest_route=\/wp\/v2\/users\/1"}],"replies":[{"embeddable":true,"href":"https:\/\/www.duomocividale.it\/index.php?rest_route=%2Fwp%2Fv2%2Fcomments&post=185"}],"version-history":[{"count":3,"href":"https:\/\/www.duomocividale.it\/index.php?rest_route=\/wp\/v2\/pages\/185\/revisions"}],"predecessor-version":[{"id":352,"href":"https:\/\/www.duomocividale.it\/index.php?rest_route=\/wp\/v2\/pages\/185\/revisions\/352"}],"up":[{"embeddable":true,"href":"https:\/\/www.duomocividale.it\/index.php?rest_route=\/wp\/v2\/pages\/8"}],"wp:attachment":[{"href":"https:\/\/www.duomocividale.it\/index.php?rest_route=%2Fwp%2Fv2%2Fmedia&parent=185"}],"curies":[{"name":"wp","href":"https:\/\/api.w.org\/{rel}","templated":true}]}}