{"id":2650,"date":"2016-11-17T14:54:32","date_gmt":"2016-11-17T14:54:32","guid":{"rendered":"http:\/\/www.duomocividale.it\/?page_id=2650"},"modified":"2016-11-17T15:24:52","modified_gmt":"2016-11-17T15:24:52","slug":"terzordine-francescano","status":"publish","type":"page","link":"https:\/\/www.duomocividale.it\/?page_id=2650","title":{"rendered":"Terz&#8217;ordine francescano"},"content":{"rendered":"<p>L\u2019ORDINE FRANCESCANO SECOLARE E LA FRATERNIT\u00c0 DI CIVIDALE <\/p>\n<p>Ancora vivente San Francesco ( 1181-1226 ), molti uomini e donne, affascinati dallo stile semplice e autentico di vivere il Vangelo, vollero seguirlo. Nacque cos\u00ec la grande famiglia francescana, composta da tre ordini: Primo ordine, Secondo ordine, Terzo ordine francescano.<br \/>\nIl Primo ordine francescano \u00e8 composto da frati conventuali, frati minori e frati cappuccini. Il Secondo ordine francescano raccoglie le suore Clarisse, chiamate cos\u00ec perch\u00e9 la prima fu Santa Chiara d\u2019Assisi.<br \/>\nIl Terzo ordine francescano, conosciuto ora come Ordine Francescano Secolare ( OFS ), \u00e8 aperto a ogni categoria di persone: uomini e donne, sposati e non, giovani e anziani, che si impegnano a vivere, seguendo un regola, il Vangelo secondo lo stile di San Francesco.<br \/>\nNell\u2019ambito della propria parrocchia, nelle famiglie e nel contesto sociale in cui essi vivono, i francescani secolari intendono costruire, insieme a tutti gli uomini di buona volont\u00e0, un mondo pi\u00f9 fraterno ed evangelico per la realizzazione del Regno di Dio.<br \/>\nAlla scuola di Francesco imparano l\u2019amore ai poveri e ai bisognosi, scelgono uno stile di vita semplice, si adoperano per la pace e la fraternit\u00e0 tra le persone e i popoli, rispettano il creato.<br \/>\nI membri dell\u2019OFS si considerano fratelli e sorelle e si strutturano in gruppi detti \u201cfraternit\u00e0\u201d.<br \/>\nLa fraternit\u00e0 \u00e8 una componente essenziale del carisma francescano e si articola in fraternit\u00e0 locale, regionale, nazionale e internazionale.<br \/>\nOgni fraternit\u00e0 \u00e8 segno visibile della Chiesa, comunit\u00e0 d\u2019amore. Essa \u00e8 animata e guidata da un ministro o ministra e da un consiglio che si rinnova ogni tre anni.<br \/>\nTutto inizia con il desiderio di conoscere, accostandosi alla fraternit\u00e0 del luogo di residenza. Dopo due anni da iniziando\/a, qualora si maturi la volont\u00e0 di proseguire il cammino, si affrontano due anni da novizio\/a, al termine dei quali si pu\u00f2 emettere una professione pubblica, o promessa di vita evangelica, e si entra di diritto nell\u2019OFS e nella famiglia francescana. Lungo il percorso si effettua un periodo di formazione, della durata di quattro anni.<br \/>\nOltre ad assolvere gli impegni di carit\u00e0 e testimonianza di vita cristiana in famiglia, sul lavoro ecc. , le fraternit\u00e0, presenti in tutta la regione, si riuniscono periodicamente, pi\u00f9 volte al mese, per continuare la formazione, per la preghiera e per programmazioni varie. ( Fraternit\u00e0 Regionale OFS  del Friuli Venezia Giulia \u201cB. Odorico da Pordenone\u201d \u2013  Gorizia 2008 )<br \/>\nLa fraternit\u00e0 di Cividale \u00e8 costituita da 31 professi, pertanto \u00e8 la pi\u00f9 consistente fraternit\u00e0 della Regione Friuli Venezia Giulia. All\u2019interno di essa si stanno formando tre iniziandi, il che attesta la sua espansione costante.<br \/>\nSi caratterizza per la forte unione dei suoi componenti, che si  prendono cura vicendevolmente gli uni degli altri e assicurano la vicinanza e l\u2019assistenza ai malati e ai sofferenti della fraternit\u00e0.<br \/>\nOgni terza domenica del mese si tiene l\u2019incontro fraterno scandito dalla preghiera, dalla catechesi e dal festeggiamento in letizia dei compleanni e ogni secondo luned\u00ec del mese, in due turni, i fratelli si riuniscono per la formazione permanente. Ogni mese ciascun membro della fraternit\u00e0 riceve una lettera che riporta gli avvisi del mese e una riflessione su temi francescani e legati alla vita della Chiesa. \u00c8 attiva la collaborazione con la Parrocchia, con l\u2019Ospedale, con la Casa per anziani di Cividale e con la rivista TAU dei Francescani secolari del Friuli Venezia Giulia e del Veneto. Inoltre si tengono, durante l\u2019anno, due mercatini a favore delle Missioni e dei malati di lebbra, i cui fondi sono destinati a opere di carit\u00e0.<br \/>\nAltra peculiarit\u00e0 della fraternit\u00e0 sono gli esercizi spirituali che si effettuano tra agosto e settembre.<br \/>\nIn occasione del centenario della fraternit\u00e0, il 28 febbraio 2015 \u00e8 stato presentato il libro di Padre Aurelio Blasotti su questo evento tanto importante che ci ha permesso di fare memoria del  nostro passato e di riflettere su ci\u00f2 che siamo chiamati a fare ora per testimoniare il Vangelo secondo lo stile francescano, in umilt\u00e0 e spirito di servizio.<br \/>\n                                                                                   Lucia Ellero<br \/>\n                                                                                                     <a href=\"http:\/\/www.duomocividale.it\/wp-content\/uploads\/2016\/11\/Senza-nome.png\"><img fetchpriority=\"high\" decoding=\"async\" src=\"http:\/\/www.duomocividale.it\/wp-content\/uploads\/2016\/11\/Senza-nome-300x238.png\" alt=\"Senza nome\" width=\"300\" height=\"238\" class=\"aligncenter size-medium wp-image-2655\" srcset=\"https:\/\/www.duomocividale.it\/wp-content\/uploads\/2016\/11\/Senza-nome-300x238.png 300w, https:\/\/www.duomocividale.it\/wp-content\/uploads\/2016\/11\/Senza-nome.png 304w\" sizes=\"(max-width: 300px) 100vw, 300px\" \/><\/a>        Fraternit\u00e0 di Cividale<\/p>\n","protected":false},"excerpt":{"rendered":"<p>L\u2019ORDINE FRANCESCANO SECOLARE E LA FRATERNIT\u00c0 DI CIVIDALE Ancora vivente San Francesco ( 1181-1226 ), molti uomini e donne, affascinati dallo stile semplice e autentico di vivere il Vangelo, vollero seguirlo. Nacque cos\u00ec la grande famiglia francescana, composta da tre ordini: Primo ordine, Secondo ordine, Terzo ordine francescano. Il Primo ordine francescano \u00e8 composto da [&hellip;]<\/p>\n","protected":false},"author":3,"featured_media":0,"parent":25,"menu_order":0,"comment_status":"closed","ping_status":"closed","template":"","meta":{"footnotes":""},"class_list":["post-2650","page","type-page","status-publish","hentry","post"],"_links":{"self":[{"href":"https:\/\/www.duomocividale.it\/index.php?rest_route=\/wp\/v2\/pages\/2650","targetHints":{"allow":["GET"]}}],"collection":[{"href":"https:\/\/www.duomocividale.it\/index.php?rest_route=\/wp\/v2\/pages"}],"about":[{"href":"https:\/\/www.duomocividale.it\/index.php?rest_route=\/wp\/v2\/types\/page"}],"author":[{"embeddable":true,"href":"https:\/\/www.duomocividale.it\/index.php?rest_route=\/wp\/v2\/users\/3"}],"replies":[{"embeddable":true,"href":"https:\/\/www.duomocividale.it\/index.php?rest_route=%2Fwp%2Fv2%2Fcomments&post=2650"}],"version-history":[{"count":3,"href":"https:\/\/www.duomocividale.it\/index.php?rest_route=\/wp\/v2\/pages\/2650\/revisions"}],"predecessor-version":[{"id":2656,"href":"https:\/\/www.duomocividale.it\/index.php?rest_route=\/wp\/v2\/pages\/2650\/revisions\/2656"}],"up":[{"embeddable":true,"href":"https:\/\/www.duomocividale.it\/index.php?rest_route=\/wp\/v2\/pages\/25"}],"wp:attachment":[{"href":"https:\/\/www.duomocividale.it\/index.php?rest_route=%2Fwp%2Fv2%2Fmedia&parent=2650"}],"curies":[{"name":"wp","href":"https:\/\/api.w.org\/{rel}","templated":true}]}}