{"id":354,"date":"2014-06-20T15:29:31","date_gmt":"2014-06-20T15:29:31","guid":{"rendered":"http:\/\/www.duomocividale.it\/?page_id=354"},"modified":"2014-07-04T13:02:02","modified_gmt":"2014-07-04T13:02:02","slug":"orari-e-recapiti","status":"publish","type":"page","link":"https:\/\/www.duomocividale.it\/?page_id=354","title":{"rendered":"Orari e recapiti"},"content":{"rendered":"<p>L&#8217;ufficio parrocchiale \u00e8 aperto<\/p>\n<p>dalle ore 11.00 alle 12.00<\/p>\n<p>dal luned\u00ec al venerd\u00ec<\/p>\n<p>salvo impegni imprevisti del parroco .<\/p>\n<p>E&#8217; possibile contattarlo al telefono 0432 731144\u00a0 o @mail all&#8217;indirizzo :\u00a0 parrocchiacividale@alice.it .<\/p>\n<p>&nbsp;<\/p>\n<p>&nbsp;<\/p>\n","protected":false},"excerpt":{"rendered":"<p>L&#8217;ufficio parrocchiale \u00e8 aperto dalle ore 11.00 alle 12.00 dal luned\u00ec al venerd\u00ec salvo impegni imprevisti del parroco . E&#8217; possibile contattarlo al telefono 0432 731144\u00a0 o @mail all&#8217;indirizzo :\u00a0 parrocchiacividale@alice.it . &nbsp; &nbsp;<\/p>\n","protected":false},"author":1,"featured_media":0,"parent":51,"menu_order":0,"comment_status":"closed","ping_status":"closed","template":"","meta":{"footnotes":""},"class_list":["post-354","page","type-page","status-publish","hentry","post"],"_links":{"self":[{"href":"https:\/\/www.duomocividale.it\/index.php?rest_route=\/wp\/v2\/pages\/354","targetHints":{"allow":["GET"]}}],"collection":[{"href":"https:\/\/www.duomocividale.it\/index.php?rest_route=\/wp\/v2\/pages"}],"about":[{"href":"https:\/\/www.duomocividale.it\/index.php?rest_route=\/wp\/v2\/types\/page"}],"author":[{"embeddable":true,"href":"https:\/\/www.duomocividale.it\/index.php?rest_route=\/wp\/v2\/users\/1"}],"replies":[{"embeddable":true,"href":"https:\/\/www.duomocividale.it\/index.php?rest_route=%2Fwp%2Fv2%2Fcomments&post=354"}],"version-history":[{"count":1,"href":"https:\/\/www.duomocividale.it\/index.php?rest_route=\/wp\/v2\/pages\/354\/revisions"}],"predecessor-version":[{"id":355,"href":"https:\/\/www.duomocividale.it\/index.php?rest_route=\/wp\/v2\/pages\/354\/revisions\/355"}],"up":[{"embeddable":true,"href":"https:\/\/www.duomocividale.it\/index.php?rest_route=\/wp\/v2\/pages\/51"}],"wp:attachment":[{"href":"https:\/\/www.duomocividale.it\/index.php?rest_route=%2Fwp%2Fv2%2Fmedia&parent=354"}],"curies":[{"name":"wp","href":"https:\/\/api.w.org\/{rel}","templated":true}]}}