{"id":51,"date":"2014-05-30T09:42:30","date_gmt":"2014-05-30T09:42:30","guid":{"rendered":"http:\/\/wordpress.intranet\/?page_id=51"},"modified":"2014-07-07T12:31:05","modified_gmt":"2014-07-07T12:31:05","slug":"parrocchia","status":"publish","type":"page","link":"https:\/\/www.duomocividale.it\/?page_id=51","title":{"rendered":"Parrocchia"},"content":{"rendered":"<p>La parrocchia Santa Maria Assunta &#8220;Duomo&#8221; di Cividale del Friuli nei tempi \u00e8 andata trasformandosi comprendendo in essa anche le piccole parrocchie ad essa adiacenti.<\/p>\n<p>Essa comprende il centro cittadino sino a spingersi ad ovest oltre il ponte Del Diavolo a lambire via Manzano, dove inizia la parrocchia di Rualis,\u00a0 comprendendo la zona ospedale fino a lambire via Carraria.<\/p>\n<p>Ad est tutta la zona di Borgo Brossana fino alla Via Sanguarzo all&#8221;altezza della incrocio con la Strada S.Gottardo, per poi comprendere la zona a confine con Torreano fino a via Gemona di competenza della parrocchia di Rubignacco.<\/p>\n<p>Arciprete e Vicario foraneo dal 2010 \u00e8 Monsignor Livio Carlino, suo Cappellano \u00e8 Don Loris Della Pietra che \u00e8 anche direttore dell\u2019Ufficio Diocesano\u00a0 per la Liturgia, collabora con loro il diacono Pier Aldo Trainiti.<\/p>\n<p>&nbsp;<\/p>\n","protected":false},"excerpt":{"rendered":"<p>La parrocchia Santa Maria Assunta &#8220;Duomo&#8221; di Cividale del Friuli nei tempi \u00e8 andata trasformandosi comprendendo in essa anche le piccole parrocchie ad essa adiacenti. Essa comprende il centro cittadino sino a spingersi ad ovest oltre il ponte Del Diavolo a lambire via Manzano, dove inizia la parrocchia di Rualis,\u00a0 comprendendo la zona ospedale fino [&hellip;]<\/p>\n","protected":false},"author":1,"featured_media":0,"parent":0,"menu_order":0,"comment_status":"closed","ping_status":"closed","template":"","meta":{"footnotes":""},"class_list":["post-51","page","type-page","status-publish","hentry","post"],"_links":{"self":[{"href":"https:\/\/www.duomocividale.it\/index.php?rest_route=\/wp\/v2\/pages\/51","targetHints":{"allow":["GET"]}}],"collection":[{"href":"https:\/\/www.duomocividale.it\/index.php?rest_route=\/wp\/v2\/pages"}],"about":[{"href":"https:\/\/www.duomocividale.it\/index.php?rest_route=\/wp\/v2\/types\/page"}],"author":[{"embeddable":true,"href":"https:\/\/www.duomocividale.it\/index.php?rest_route=\/wp\/v2\/users\/1"}],"replies":[{"embeddable":true,"href":"https:\/\/www.duomocividale.it\/index.php?rest_route=%2Fwp%2Fv2%2Fcomments&post=51"}],"version-history":[{"count":6,"href":"https:\/\/www.duomocividale.it\/index.php?rest_route=\/wp\/v2\/pages\/51\/revisions"}],"predecessor-version":[{"id":612,"href":"https:\/\/www.duomocividale.it\/index.php?rest_route=\/wp\/v2\/pages\/51\/revisions\/612"}],"wp:attachment":[{"href":"https:\/\/www.duomocividale.it\/index.php?rest_route=%2Fwp%2Fv2%2Fmedia&parent=51"}],"curies":[{"name":"wp","href":"https:\/\/api.w.org\/{rel}","templated":true}]}}